{"id":1300,"date":"2024-11-14T21:35:20","date_gmt":"2024-11-14T20:35:20","guid":{"rendered":"https:\/\/www.girbaumateu.com\/building\/"},"modified":"2026-04-10T12:35:35","modified_gmt":"2026-04-10T10:35:35","slug":"building","status":"publish","type":"page","link":"https:\/\/www.girbaumateu.com\/en\/building\/","title":{"rendered":"Building"},"content":{"rendered":"\n<p><\/p>\n<p><strong>PROJECTES D&#8217;EDIFICACI\u00d3 PER A INVERSORS,<br \/>PROMOTORS I EMPRESES ESPECIALITZADES<\/strong><\/p>\n<p><strong>PROJECTES D&#8217;EDIFICACI\u00d3 INDUSTRIALITZADA BUILT TO RENT<br \/><\/strong>edificis eficients i sostenibles a Barcelona.<\/p>\n\n<p><strong>Projectes d&#8217;alta efici\u00e8ncia i sostenibilitat<br \/>sota par\u00e0metres LEED<span style=\"font-size: 14px\">*<\/span><\/strong><\/p>\n<p>_ <a href=\"https:\/\/www.girbaumateu.com\/2025\/02\/03\/habitatge-sostenible-i-altament-eficient-energeticament\/\">Disseny i planificaci\u00f3 de projectes<\/a><br \/>_ <a href=\"https:\/\/www.girbaumateu.com\/projectes-cases-sostenibles\/\">Edificaci\u00f3 habitatges<\/a><br \/>_ Edificaci\u00f3 <a href=\"https:\/\/www.girbaumateu.com\/2025\/01\/29\/lestudi-girbaumateu-dissenyant-linteriorisme-i-la-imatge-de-marca-dametller-origen\/\">retail<\/a><br \/>_ <a href=\"https:\/\/www.girbaumateu.com\/projectes-oficines-sostenibles\/\">Edificaci\u00f3 i disseny d&#8217;oficines<\/a><br \/>_ <a href=\"https:\/\/www.girbaumateu.com\/2026\/04\/09\/arquitectura-industrialitzada-barcelona\/\">Edificaci\u00f3 industrialitzada (BIM+LEAN)<\/a><br \/>_ Assessorament i consultoria<br \/>_ Gesti\u00f3 de projectes<br \/>_ Direcci\u00f3 d\u2019obra<br \/>_ Reformes i rehabilitaci\u00f3 d\u2019espais<br \/>_ <a href=\"https:\/\/www.girbaumateu.com\/projectes-cases-sostenibles\/\">Sostenibilitat i efici\u00e8ncia energ\u00e8tica<\/a><\/p>\n<p><span style=\"font-size: 12px\">*LEED (Leadership in Energy and Environmental Design)<\/span><\/p>\n\n<p>Efficient and functional building projects from inception to turnkey.<\/p>\n\n<p>At <strong>girbaumateu<\/strong> we develop comprehensive building projects, from preliminary studies to execution and turnkey delivery. We specialize in the creation of functional, efficient and sustainable spaces, covering a wide range of typologies:<br \/> \u2022 <strong><a href=\"https:\/\/www.girbaumateu.com\/en\/tag\/sustainable-housing-projects\/\">Single-family and multi-family homes<\/a><\/strong> , designed to optimize comfort and energy efficiency, promoting sustainable buildings in Barcelona.<br \/> \u2022 <strong><a href=\"https:\/\/www.girbaumateu.com\/2025\/02\/03\/arquitectura-sostenible-projecte-de-construccio-autonoma-a-blanes\/\">Retail building in stand-alone format<\/a><\/strong> , adapted to the operational and commercial needs of each brand.<br \/> \u2022 <strong><a href=\"https:\/\/www.girbaumateu.com\/en\/sustainable-office-projects-with-natural-materials-and-leed-certification\/\">Office building and interior design<\/a><\/strong> . Spaces designed to improve the productivity and well-being of users.  <\/p>\n\n<p>In all our projects, we prioritize energy optimization and functional efficiency, implementing smart solutions for responsible energy management. With more than 20 years of experience, we have collaborated with both the private sector\u2014in the construction of offices and homes\u2014and with public institutions such as <strong>the <a href=\"https:\/\/www.ajmalgrat.cat\/\">Malgrat de Mar City Council<\/a> , the <a href=\"https:\/\/calafell.cat\/\">Calafell City Council<\/a> , the Barcelona Provincial Council and BIMSA<\/strong> . This has allowed us to consolidate a diversified portfolio and promote sustainable buildings mainly in Barcelona.  <\/p>\n\n<p>Therefore, if you are looking for a team specialized in architecture and energy efficiency, at girbaumateu we transform your ideas into constructive realities. <a href=\"https:\/\/www.girbaumateu.com\/en\/contact\/\">Contact us<\/a> for more information about efficient and sustainable buildings in Barcelona.<\/p>\n","protected":false},"excerpt":{"rendered":"<p>PROJECTES D&#8217;EDIFICACI\u00d3 PER A INVERSORS,PROMOTORS I EMPRESES ESPECIALITZADES PROJECTES D&#8217;EDIFICACI\u00d3 INDUSTRIALITZADA BUILT TO RENTedificis eficients i sostenibles a Barcelona. Projectes d&#8217;alta efici\u00e8ncia i sostenibilitatsota par\u00e0metres LEED* _ Disseny i planificaci\u00f3 de projectes_ Edificaci\u00f3 habitatges_ Edificaci\u00f3 retail_ Edificaci\u00f3 i disseny d&#8217;oficines_ Edificaci\u00f3 industrialitzada (BIM+LEAN)_ Assessorament i consultoria_ Gesti\u00f3 de projectes_ Direcci\u00f3 d\u2019obra_ Reformes i rehabilitaci\u00f3 d\u2019espais_ &hellip; <\/p>\n<p class=\"link-more\"><a href=\"https:\/\/www.girbaumateu.com\/en\/building\/\" class=\"more-link\">Continue reading<span class=\"screen-reader-text\"> &#8220;Building&#8221;<\/span><\/a><\/p>\n","protected":false},"author":1,"featured_media":0,"parent":0,"menu_order":0,"comment_status":"closed","ping_status":"closed","template":"","meta":{"_seopress_robots_primary_cat":"","_seopress_titles_title":"","_seopress_titles_desc":"Efficient and sustainable buildings in Barcelona that comply with LEED standards and improve energy efficiency.","_seopress_robots_index":"","footnotes":""},"class_list":["post-1300","page","type-page","status-publish","hentry"],"yoast_head":"<!-- This site is optimized with the Yoast SEO Premium plugin v26.7 (Yoast SEO v27.3) - https:\/\/yoast.com\/product\/yoast-seo-premium-wordpress\/ -->\n<title>Efficient and sustainable buildings Barcelona: Guide<\/title>\n<meta name=\"description\" content=\"Efficient and sustainable buildings in Barcelona that comply with LEED standards and improve energy efficiency.\" \/>\n<meta name=\"robots\" content=\"index, follow, max-snippet:-1, max-image-preview:large, max-video-preview:-1\" \/>\n<link rel=\"canonical\" href=\"https:\/\/www.girbaumateu.com\/en\/building\/\" \/>\n<meta property=\"og:locale\" content=\"en_US\" \/>\n<meta property=\"og:type\" content=\"article\" \/>\n<meta property=\"og:title\" content=\"Building\" \/>\n<meta property=\"og:description\" content=\"Efficient and sustainable buildings in Barcelona that comply with LEED standards and improve energy efficiency.\" \/>\n<meta property=\"og:url\" content=\"https:\/\/www.girbaumateu.com\/en\/building\/\" \/>\n<meta property=\"og:site_name\" content=\"girbaumateu\" \/>\n<meta property=\"article:modified_time\" content=\"2026-04-10T10:35:35+00:00\" \/>\n<meta name=\"twitter:card\" content=\"summary_large_image\" \/>\n<meta name=\"twitter:label1\" content=\"Est. reading time\" \/>\n\t<meta name=\"twitter:data1\" content=\"1 minute\" \/>\n<script type=\"application\/ld+json\" class=\"yoast-schema-graph\">{\"@context\":\"https:\\\/\\\/schema.org\",\"@graph\":[{\"@type\":\"WebPage\",\"@id\":\"https:\\\/\\\/www.girbaumateu.com\\\/en\\\/building\\\/\",\"url\":\"https:\\\/\\\/www.girbaumateu.com\\\/en\\\/building\\\/\",\"name\":\"Efficient and sustainable buildings Barcelona: Guide\",\"isPartOf\":{\"@id\":\"https:\\\/\\\/www.girbaumateu.com\\\/en\\\/#website\"},\"datePublished\":\"2024-11-14T20:35:20+00:00\",\"dateModified\":\"2026-04-10T10:35:35+00:00\",\"description\":\"Efficient and sustainable buildings in Barcelona that comply with LEED standards and improve energy efficiency.\",\"breadcrumb\":{\"@id\":\"https:\\\/\\\/www.girbaumateu.com\\\/en\\\/building\\\/#breadcrumb\"},\"inLanguage\":\"en-US\",\"potentialAction\":[{\"@type\":\"ReadAction\",\"target\":[\"https:\\\/\\\/www.girbaumateu.com\\\/en\\\/building\\\/\"]}]},{\"@type\":\"BreadcrumbList\",\"@id\":\"https:\\\/\\\/www.girbaumateu.com\\\/en\\\/building\\\/#breadcrumb\",\"itemListElement\":[{\"@type\":\"ListItem\",\"position\":1,\"name\":\"Portada\",\"item\":\"https:\\\/\\\/www.girbaumateu.com\\\/en\\\/?page_id=1288\"},{\"@type\":\"ListItem\",\"position\":2,\"name\":\"Building\"}]},{\"@type\":\"WebSite\",\"@id\":\"https:\\\/\\\/www.girbaumateu.com\\\/en\\\/#website\",\"url\":\"https:\\\/\\\/www.girbaumateu.com\\\/en\\\/\",\"name\":\"girbaumateu\",\"description\":\"projectes d&#039;edificaci\u00f3 i interiorisme comercial per a empreses\",\"publisher\":{\"@id\":\"https:\\\/\\\/www.girbaumateu.com\\\/en\\\/#organization\"},\"potentialAction\":[{\"@type\":\"SearchAction\",\"target\":{\"@type\":\"EntryPoint\",\"urlTemplate\":\"https:\\\/\\\/www.girbaumateu.com\\\/en\\\/?s={search_term_string}\"},\"query-input\":{\"@type\":\"PropertyValueSpecification\",\"valueRequired\":true,\"valueName\":\"search_term_string\"}}],\"inLanguage\":\"en-US\"},{\"@type\":\"Organization\",\"@id\":\"https:\\\/\\\/www.girbaumateu.com\\\/en\\\/#organization\",\"name\":\"girbaumateu\",\"url\":\"https:\\\/\\\/www.girbaumateu.com\\\/en\\\/\",\"logo\":{\"@type\":\"ImageObject\",\"inLanguage\":\"en-US\",\"@id\":\"https:\\\/\\\/www.girbaumateu.com\\\/en\\\/#\\\/schema\\\/logo\\\/image\\\/\",\"url\":\"https:\\\/\\\/www.girbaumateu.com\\\/wp-content\\\/uploads\\\/2024\\\/11\\\/cropped-logo3-removebg-preview.png\",\"contentUrl\":\"https:\\\/\\\/www.girbaumateu.com\\\/wp-content\\\/uploads\\\/2024\\\/11\\\/cropped-logo3-removebg-preview.png\",\"width\":794,\"height\":250,\"caption\":\"girbaumateu\"},\"image\":{\"@id\":\"https:\\\/\\\/www.girbaumateu.com\\\/en\\\/#\\\/schema\\\/logo\\\/image\\\/\"}}]}<\/script>\n<!-- \/ Yoast SEO Premium plugin. -->","yoast_head_json":{"title":"Efficient and sustainable buildings Barcelona: Guide","description":"Efficient and sustainable buildings in Barcelona that comply with LEED standards and improve energy efficiency.","robots":{"index":"index","follow":"follow","max-snippet":"max-snippet:-1","max-image-preview":"max-image-preview:large","max-video-preview":"max-video-preview:-1"},"canonical":"https:\/\/www.girbaumateu.com\/en\/building\/","og_locale":"en_US","og_type":"article","og_title":"Building","og_description":"Efficient and sustainable buildings in Barcelona that comply with LEED standards and improve energy efficiency.","og_url":"https:\/\/www.girbaumateu.com\/en\/building\/","og_site_name":"girbaumateu","article_modified_time":"2026-04-10T10:35:35+00:00","twitter_card":"summary_large_image","twitter_misc":{"Est. reading time":"1 minute"},"schema":{"@context":"https:\/\/schema.org","@graph":[{"@type":"WebPage","@id":"https:\/\/www.girbaumateu.com\/en\/building\/","url":"https:\/\/www.girbaumateu.com\/en\/building\/","name":"Efficient and sustainable buildings Barcelona: Guide","isPartOf":{"@id":"https:\/\/www.girbaumateu.com\/en\/#website"},"datePublished":"2024-11-14T20:35:20+00:00","dateModified":"2026-04-10T10:35:35+00:00","description":"Efficient and sustainable buildings in Barcelona that comply with LEED standards and improve energy efficiency.","breadcrumb":{"@id":"https:\/\/www.girbaumateu.com\/en\/building\/#breadcrumb"},"inLanguage":"en-US","potentialAction":[{"@type":"ReadAction","target":["https:\/\/www.girbaumateu.com\/en\/building\/"]}]},{"@type":"BreadcrumbList","@id":"https:\/\/www.girbaumateu.com\/en\/building\/#breadcrumb","itemListElement":[{"@type":"ListItem","position":1,"name":"Portada","item":"https:\/\/www.girbaumateu.com\/en\/?page_id=1288"},{"@type":"ListItem","position":2,"name":"Building"}]},{"@type":"WebSite","@id":"https:\/\/www.girbaumateu.com\/en\/#website","url":"https:\/\/www.girbaumateu.com\/en\/","name":"girbaumateu","description":"projectes d&#039;edificaci\u00f3 i interiorisme comercial per a empreses","publisher":{"@id":"https:\/\/www.girbaumateu.com\/en\/#organization"},"potentialAction":[{"@type":"SearchAction","target":{"@type":"EntryPoint","urlTemplate":"https:\/\/www.girbaumateu.com\/en\/?s={search_term_string}"},"query-input":{"@type":"PropertyValueSpecification","valueRequired":true,"valueName":"search_term_string"}}],"inLanguage":"en-US"},{"@type":"Organization","@id":"https:\/\/www.girbaumateu.com\/en\/#organization","name":"girbaumateu","url":"https:\/\/www.girbaumateu.com\/en\/","logo":{"@type":"ImageObject","inLanguage":"en-US","@id":"https:\/\/www.girbaumateu.com\/en\/#\/schema\/logo\/image\/","url":"https:\/\/www.girbaumateu.com\/wp-content\/uploads\/2024\/11\/cropped-logo3-removebg-preview.png","contentUrl":"https:\/\/www.girbaumateu.com\/wp-content\/uploads\/2024\/11\/cropped-logo3-removebg-preview.png","width":794,"height":250,"caption":"girbaumateu"},"image":{"@id":"https:\/\/www.girbaumateu.com\/en\/#\/schema\/logo\/image\/"}}]}},"featured_image_src":null,"featured_image_src_square":null,"_links":{"self":[{"href":"https:\/\/www.girbaumateu.com\/en\/wp-json\/wp\/v2\/pages\/1300","targetHints":{"allow":["GET"]}}],"collection":[{"href":"https:\/\/www.girbaumateu.com\/en\/wp-json\/wp\/v2\/pages"}],"about":[{"href":"https:\/\/www.girbaumateu.com\/en\/wp-json\/wp\/v2\/types\/page"}],"author":[{"embeddable":true,"href":"https:\/\/www.girbaumateu.com\/en\/wp-json\/wp\/v2\/users\/1"}],"replies":[{"embeddable":true,"href":"https:\/\/www.girbaumateu.com\/en\/wp-json\/wp\/v2\/comments?post=1300"}],"version-history":[{"count":3,"href":"https:\/\/www.girbaumateu.com\/en\/wp-json\/wp\/v2\/pages\/1300\/revisions"}],"predecessor-version":[{"id":1968,"href":"https:\/\/www.girbaumateu.com\/en\/wp-json\/wp\/v2\/pages\/1300\/revisions\/1968"}],"wp:attachment":[{"href":"https:\/\/www.girbaumateu.com\/en\/wp-json\/wp\/v2\/media?parent=1300"}],"curies":[{"name":"wp","href":"https:\/\/api.w.org\/{rel}","templated":true}]}}