{"id":1282,"date":"2024-11-13T19:33:27","date_gmt":"2024-11-13T18:33:27","guid":{"rendered":"https:\/\/www.girbaumateu.com\/nosotros\/"},"modified":"2025-03-04T12:35:46","modified_gmt":"2025-03-04T11:35:46","slug":"nosotros","status":"publish","type":"page","link":"https:\/\/www.girbaumateu.com\/es\/nosotros\/","title":{"rendered":"Nosotros"},"content":{"rendered":"\n<p><p><\/p><p><strong>Neus Mateu _ arquitecta, socia<\/strong><br> 2004 &#8211; 2017 _ Profesora Construcci\u00f3n I Grado Arquitectura<br> ETSALS Barcelona<br> 2017 &#8211; 2020 _ Profesora Taller de Proyectos V Grau Arquitectura<br> ETSALS Barcelona<br> 2020 &#8211; 2022 _ Profesora Proyectos Arq I Grau Arquitectura<br> ETSALS Barcelona<br> 2022 &#8211; _ Profesora Construcci\u00f3n IV Grado Arquitectura<br> ETSALS Barcelona<br> 2022 &#8211; _ Profesora Interiorismo Retail Master Arquitectura<br> ETSALS Barcelona<\/p><p><\/p><p><\/p><\/p>\n\n\n\n<p><p><\/p><p><strong>Quim Girbau _ doctor arquitecto, socio<\/strong><br> 2001 &#8211; 2019 _ Profesor Taller de Proyectos V Grau Arquitectura<br> ETSALS Barcelona<br> 2011 &#8211; 2016 _ Profesor Proyectos III y IV Grado Arquitectura<br> ETSAB<\/p><p><\/p><p><\/p><\/p>\n\n\n\n<p><\/p>\n\n\n\n<p class=\"has-text-align-left\">Somos especialistas en dar forma a espacios con identidad. Con una trayectoria en interiorismo comercial en Barcelona, \u200b\u200bviviendas sostenibles y oficinas saludables, nuestro enfoque se basa en la creaci\u00f3n de entornos <strong>funcionales, est\u00e9ticos y eficientes<\/strong> . Por eso, cada proyecto que desarrollamos parte de un estudio profundo de la marca, el usuario y el contexto, con el objetivo final de generar <strong>experiencias memorables y sostenibles<\/strong> .  <\/p>\n\n\n\n<h2 class=\"wp-block-heading\" id=\"h-interiorismo-comercial-espacios-que-definen-marcas\" style=\"font-size:17px\"><strong><a href=\"https:\/\/www.girbaumateu.com\/es\/2025\/02\/12\/interiorismo-comercial-barcelona-disenamos-espacios-que-crean-marca\/\">Interiorismo Comercial<\/a> : Espacios que Definen Marcas<\/strong><\/h2>\n\n\n\n<ol class=\"wp-block-list\">\n<li><\/li>\n<\/ol>\n\n\n\n<p>El retail ha evolucionado. Hoy en d\u00eda, las tiendas y espacios comerciales no son s\u00f3lo puntos de venta, sino lugares donde las marcas se viven y donde se conecta con el cliente. Sabemos que un buen dise\u00f1o no s\u00f3lo seduce, sino que tambi\u00e9n comunica.  <\/p>\n\n\n\n<p>Hemos tenido el privilegio de trabajar con grandes referentes del sector. Por este motivo, dise\u00f1amos <strong>espacios que potencian su identidad y maximizan la experiencia del cliente<\/strong> . Por ejemplo, desde restaurantes asi\u00e1ticos como <strong><a href=\"https:\/\/www.udon.com\/\">UDON ASIAN FOOD<\/a><\/strong> , donde el dise\u00f1o transmite la rapidez y autenticidad de su cocina, hasta pizzer\u00edas como <a href=\"https:\/\/www.romanpizza.net\/\"><strong>ROMAN PIZZA<\/strong><\/a> . En estas pizzer\u00edas, cada elemento del espacio refuerza su propuesta gastron\u00f3mica.   <\/p>\n\n\n\n<p>Nuestro recorrido incluye tambi\u00e9n pasteler\u00edas de autor como <a href=\"https:\/\/escriba.es\/es\/\"><strong>ESCRIB\u00c0<\/strong><\/a> , un emblema de la creatividad y la tradici\u00f3n. Adem\u00e1s, hemos trabajado con hornos de pan como <a href=\"https:\/\/sanalocura.es\/\"><strong>SANA LOCURA<\/strong><\/a> y carnicer\u00edas como <strong><a href=\"https:\/\/embotitsobach.com\/es\/\">OBACH<\/a><\/strong> . Utilizamos materiales naturales y c\u00e1lidos para reforzar la proximidad del producto. En paralelo, en el sector del mobiliario, hemos colaborado con marcas de prestigio como <a href=\"https:\/\/www.kettal.com\/living\/es\/\"><strong>KETTAL<\/strong><\/a> . Hemos desarrollado espacios que transmiten su apuesta por el dise\u00f1o y la calidad.    <\/p>\n\n\n\n<p>Dise\u00f1amos tiendas que van m\u00e1s all\u00e1 de la funcionalidad, trabajando con colaboraciones con el grupo <a href=\"https:\/\/www.inditex.com\/itxcomweb\/es\/home\"><strong>INDITEX<\/strong><\/a> , proyectos para referentes como <a href=\"https:\/\/www.ametllerorigen.com\/ca\/\"><strong>AMETLLER ORIGEN<\/strong><\/a> , donde el espacio refleja su filosof\u00eda de producto fresco y sostenible, o proyectos para <a href=\"https:\/\/www.elcorteingles.es\/\"><strong>EL CORTE INGL\u00c9S<\/strong><\/a><\/p>\n\n\n\n<p>Cada espacio comercial es una oportunidad para expresar la esencia de la marca y conectarse con su p\u00fablico. Nos apasiona este trabajo y crear estos entornos en el \u00e1mbito de interiorismo comercial en Barcelona. <\/p>\n\n\n\n<h2 class=\"wp-block-heading\" id=\"h-viviendas-sostenibles-el-confort-y-la-eficiencia-del-futuro\" style=\"font-size:17px\"><strong><a href=\"https:\/\/www.girbaumateu.com\/es\/tag\/proyectos-de-viviendas-sostenibles-es-2\/\">Viviendas Sostenibles<\/a> : El Confort y la Eficiencia del Futuro<\/strong><\/h2>\n\n\n\n<ol start=\"2\" class=\"wp-block-list\">\n<li><\/li>\n<\/ol>\n\n\n\n<p>La arquitectura residencial est\u00e1 cambiando. Hoy, m\u00e1s que nunca, la <strong>sostenibilidad y la eficiencia energ\u00e9tica<\/strong> son fundamentales en la concepci\u00f3n de una vivienda. En girbaumateu entendemos que una casa no es s\u00f3lo un espacio para vivir, sino <strong>un lugar para vivir mejor<\/strong> .  <\/p>\n\n\n\n<p>Dise\u00f1amos <a href=\"https:\/\/www.girbaumateu.com\/2025\/02\/13\/le-cabanyon-un-projecte-dhabitatge-sostenible-integrat-a-la-natura\/\">viviendas unifamiliares<\/a> y plurifamiliares con una clara apuesta por la sostenibilidad, utilizando materiales naturales, sistemas pasivos de eficiencia energ\u00e9tica y soluciones constructivas de bajo impacto ambiental. As\u00ed, conseguimos <strong>edificios que consumen menos energ\u00eda, mejoran el confort t\u00e9rmico y reducen la huella ecol\u00f3gica<\/strong> . <\/p>\n\n\n\n<p>Apostamos por maderas certificadas, aislamientos naturales y fachadas ventiladas, combinados con estrategias bioclim\u00e1ticas que optimizan la luz natural y la ventilaci\u00f3n cruzada. En este sentido, este enfoque no s\u00f3lo beneficia al medio ambiente, sino que tambi\u00e9n mejora el bienestar de quienes viven en \u00e9l. <\/p>\n\n\n\n<p>En definitiva, con cada proyecto residencial, buscamos ofrecer hogares saludables, eficientes y adaptados a las necesidades del futuro.<\/p>\n\n\n\n<h2 class=\"wp-block-heading\" id=\"h-oficinas-que-superan-el-teletrabajo-espacios-para-disfrutar-compartir-y-crear\" style=\"font-size:17px\"><strong><a href=\"https:\/\/www.girbaumateu.com\/2025\/01\/29\/lestudi-girbaumateu-interiorisme-doficines-sostenibles-amb-certificacio-leed\/\">Oficinas<\/a> que Superan el Teletrabajo: Espacios para Disfrutar, Compartir y Crear<\/strong><\/h2>\n\n\n\n<ol start=\"3\" class=\"wp-block-list\">\n<li><\/li>\n<\/ol>\n\n\n\n<p>El modelo de trabajo ha cambiado. Desde la llegada del teletrabajo, <a href=\"https:\/\/www.thenewbarcelonapost.com\/oficinas-sostenibles-ponen-moda-barcelona\/\">las oficinas han tenido que evolucionar<\/a> para convertirse en espacios m\u00e1s atractivos y confortables que su propia casa. En <a href=\"https:\/\/www.girbaumateu.com\/es\/\">girbaumateu<\/a> creamos entornos laborales pensados \u200b\u200bpara que la gente quiera estar. Nuestros espacios fomentan la productividad, creatividad y conexi\u00f3n entre equipos.   <\/p>\n\n\n\n<p>Nuestros dise\u00f1os de oficinas parten de un concepto clave: hacerlas <strong>agradables, c\u00e1lidas, naturales y saludables<\/strong> . Para ello, apostamos por espacios abiertos y luminosos, con materiales org\u00e1nicos y soluciones que mejoren el bienestar de los trabajadores. Esto implica tener en cuenta la <strong>calidad del aire hasta la ac\u00fastica y la flexibilidad de los espacios<\/strong> .  <\/p>\n\n\n\n<p>Hemos desarrollado proyectos de oficinas para grandes empresas privadas como <strong>UDON<\/strong> , <a href=\"https:\/\/www.girbaumateu.com\/es\/proyectos-de-oficinas-sostenibles-con-materiales-naturales-y-certificacion-leed\/\"><strong>AMETLLER ORIGEN<\/strong><\/a> o <a href=\"https:\/\/www.girbaumateu.com\/es\/2025\/02\/10\/proyecto-de-interiorismo-para-las-oficinas-de-mediktor-en-el-recinto-modernista-de-sant-pau\/\"><strong>MEDIKTOR<\/strong><\/a> . Estas oficinas no s\u00f3lo responden a necesidades funcionales, sino que tambi\u00e9n reflejan su cultura corporativa y su apuesta por la innovaci\u00f3n. Adem\u00e1s, hemos trabajado en espacios institucionales, dise\u00f1ando oficinas por el <strong><a href=\"https:\/\/calafell.cat\/\">Ayuntamiento de Calafell<\/a> , <a href=\"https:\/\/www.bimsa.cat\/\">BIMSA<\/a><\/strong> o la <a href=\"https:\/\/www.diba.cat\/ca\/\"><strong>Diputaci\u00f3n de Barcelona<\/strong><\/a> . En estos casos, el dise\u00f1o ha sido clave para optimizar su funcionalidad y eficiencia.<\/p>\n\n\n\n<p>Creemos en oficinas que generan bienestar y fomentan la colaboraci\u00f3n. Por eso dise\u00f1amos zonas de trabajo flexibles, espacios para reuniones informales y una conexi\u00f3n fluida con el exterior. En resumen, nuestro objetivo es convertir las oficinas en sitios que superen el teletrabajo, ofreciendo un valor a\u00f1adido a la experiencia laboral.  <\/p>\n\n\n\n<p>En <strong>girbaumateu<\/strong> , nuestro reto es crear espacios con <strong>identidad, eficiencia y emoci\u00f3n<\/strong> . Sea un local comercial que debe reforzar una marca, una vivienda sostenible que mejore la calidad de vida, o unas oficinas que inspiren a sus trabajadores, nuestro enfoque se basa en la innovaci\u00f3n, la sostenibilidad y el dise\u00f1o como herramienta de conexi\u00f3n. Si busca expertos en interiorismo comercial en Barcelona, \u200b\u200bestamos aqu\u00ed para ayudarle.  <\/p>\n\n\n\n<p>En conclusi\u00f3n, si buscas a un equipo que transforme tu espacio en una experiencia \u00fanica, <a href=\"https:\/\/www.girbaumateu.com\/es\/contacto\/\">habla con nosotros.<\/a><\/p>\n","protected":false},"excerpt":{"rendered":"<p>Neus Mateu _ arquitecta, socia 2004 &#8211; 2017 _ Profesora Construcci\u00f3n I Grado Arquitectura ETSALS Barcelona 2017 &#8211; 2020 _ Profesora Taller de Proyectos V Grau Arquitectura ETSALS Barcelona 2020 &#8211; 2022 _ Profesora Proyectos Arq I Grau Arquitectura ETSALS Barcelona 2022 &#8211; _ Profesora Construcci\u00f3n IV Grado Arquitectura ETSALS Barcelona 2022 &#8211; _ Profesora &hellip; <\/p>\n<p class=\"link-more\"><a href=\"https:\/\/www.girbaumateu.com\/es\/nosotros\/\" class=\"more-link\">Continuar leyendo<span class=\"screen-reader-text\"> \"Nosotros\"<\/span><\/a><\/p>\n","protected":false},"author":1,"featured_media":829,"parent":0,"menu_order":0,"comment_status":"closed","ping_status":"closed","template":"","meta":{"_seopress_robots_primary_cat":"","_seopress_titles_title":"","_seopress_titles_desc":"","_seopress_robots_index":"","footnotes":""},"class_list":["post-1282","page","type-page","status-publish","has-post-thumbnail","hentry"],"yoast_head":"<!-- This site is optimized with the Yoast SEO Premium plugin v26.7 (Yoast SEO v27.3) - https:\/\/yoast.com\/product\/yoast-seo-premium-wordpress\/ -->\n<title>interiorismo comercial en barcelona: Desde el layout a la apertura<\/title>\n<meta name=\"description\" content=\"Interiorismo comercial Barcelona: desde el inicio con la generaci\u00f3n de los primeros layout, la apertura hasta la expansi\u00f3n\" \/>\n<meta name=\"robots\" content=\"index, follow, max-snippet:-1, max-image-preview:large, max-video-preview:-1\" \/>\n<link rel=\"canonical\" href=\"https:\/\/www.girbaumateu.com\/es\/nosotros\/\" \/>\n<meta property=\"og:locale\" content=\"es_ES\" \/>\n<meta property=\"og:type\" content=\"article\" \/>\n<meta property=\"og:title\" content=\"Nosotros\" \/>\n<meta property=\"og:description\" content=\"Interiorismo comercial Barcelona: desde el inicio con la generaci\u00f3n de los primeros layout, la apertura hasta la expansi\u00f3n\" \/>\n<meta property=\"og:url\" content=\"https:\/\/www.girbaumateu.com\/es\/nosotros\/\" \/>\n<meta property=\"og:site_name\" content=\"girbaumateu\" \/>\n<meta property=\"article:modified_time\" content=\"2025-03-04T11:35:46+00:00\" \/>\n<meta property=\"og:image\" content=\"https:\/\/www.girbaumateu.com\/wp-content\/uploads\/2024\/11\/67bb62bf-792f-466d-8632-b2e814f47cbf.jpg\" \/>\n\t<meta property=\"og:image:width\" content=\"1600\" \/>\n\t<meta property=\"og:image:height\" content=\"1200\" \/>\n\t<meta property=\"og:image:type\" content=\"image\/jpeg\" \/>\n<meta name=\"twitter:card\" content=\"summary_large_image\" \/>\n<meta name=\"twitter:label1\" content=\"Tiempo de lectura\" \/>\n\t<meta name=\"twitter:data1\" content=\"5 minutos\" \/>\n<script type=\"application\/ld+json\" class=\"yoast-schema-graph\">{\"@context\":\"https:\\\/\\\/schema.org\",\"@graph\":[{\"@type\":\"WebPage\",\"@id\":\"https:\\\/\\\/www.girbaumateu.com\\\/es\\\/nosotros\\\/\",\"url\":\"https:\\\/\\\/www.girbaumateu.com\\\/es\\\/nosotros\\\/\",\"name\":\"interiorismo comercial en barcelona: Desde el layout a la apertura\",\"isPartOf\":{\"@id\":\"https:\\\/\\\/www.girbaumateu.com\\\/es\\\/#website\"},\"primaryImageOfPage\":{\"@id\":\"https:\\\/\\\/www.girbaumateu.com\\\/es\\\/nosotros\\\/#primaryimage\"},\"image\":{\"@id\":\"https:\\\/\\\/www.girbaumateu.com\\\/es\\\/nosotros\\\/#primaryimage\"},\"thumbnailUrl\":\"https:\\\/\\\/www.girbaumateu.com\\\/wp-content\\\/uploads\\\/2024\\\/11\\\/67bb62bf-792f-466d-8632-b2e814f47cbf.jpg\",\"datePublished\":\"2024-11-13T18:33:27+00:00\",\"dateModified\":\"2025-03-04T11:35:46+00:00\",\"description\":\"Interiorismo comercial Barcelona: desde el inicio con la generaci\u00f3n de los primeros layout, la apertura hasta la expansi\u00f3n\",\"breadcrumb\":{\"@id\":\"https:\\\/\\\/www.girbaumateu.com\\\/es\\\/nosotros\\\/#breadcrumb\"},\"inLanguage\":\"es\",\"potentialAction\":[{\"@type\":\"ReadAction\",\"target\":[\"https:\\\/\\\/www.girbaumateu.com\\\/es\\\/nosotros\\\/\"]}]},{\"@type\":\"ImageObject\",\"inLanguage\":\"es\",\"@id\":\"https:\\\/\\\/www.girbaumateu.com\\\/es\\\/nosotros\\\/#primaryimage\",\"url\":\"https:\\\/\\\/www.girbaumateu.com\\\/wp-content\\\/uploads\\\/2024\\\/11\\\/67bb62bf-792f-466d-8632-b2e814f47cbf.jpg\",\"contentUrl\":\"https:\\\/\\\/www.girbaumateu.com\\\/wp-content\\\/uploads\\\/2024\\\/11\\\/67bb62bf-792f-466d-8632-b2e814f47cbf.jpg\",\"width\":1600,\"height\":1200},{\"@type\":\"BreadcrumbList\",\"@id\":\"https:\\\/\\\/www.girbaumateu.com\\\/es\\\/nosotros\\\/#breadcrumb\",\"itemListElement\":[{\"@type\":\"ListItem\",\"position\":1,\"name\":\"Portada\",\"item\":\"https:\\\/\\\/www.girbaumateu.com\\\/es\\\/?page_id=1283\"},{\"@type\":\"ListItem\",\"position\":2,\"name\":\"Nosotros\"}]},{\"@type\":\"WebSite\",\"@id\":\"https:\\\/\\\/www.girbaumateu.com\\\/es\\\/#website\",\"url\":\"https:\\\/\\\/www.girbaumateu.com\\\/es\\\/\",\"name\":\"girbaumateu\",\"description\":\"projectes d&#039;edificaci\u00f3 i interiorisme comercial per a empreses\",\"publisher\":{\"@id\":\"https:\\\/\\\/www.girbaumateu.com\\\/es\\\/#organization\"},\"potentialAction\":[{\"@type\":\"SearchAction\",\"target\":{\"@type\":\"EntryPoint\",\"urlTemplate\":\"https:\\\/\\\/www.girbaumateu.com\\\/es\\\/?s={search_term_string}\"},\"query-input\":{\"@type\":\"PropertyValueSpecification\",\"valueRequired\":true,\"valueName\":\"search_term_string\"}}],\"inLanguage\":\"es\"},{\"@type\":\"Organization\",\"@id\":\"https:\\\/\\\/www.girbaumateu.com\\\/es\\\/#organization\",\"name\":\"girbaumateu\",\"url\":\"https:\\\/\\\/www.girbaumateu.com\\\/es\\\/\",\"logo\":{\"@type\":\"ImageObject\",\"inLanguage\":\"es\",\"@id\":\"https:\\\/\\\/www.girbaumateu.com\\\/es\\\/#\\\/schema\\\/logo\\\/image\\\/\",\"url\":\"https:\\\/\\\/www.girbaumateu.com\\\/wp-content\\\/uploads\\\/2024\\\/11\\\/cropped-logo3-removebg-preview.png\",\"contentUrl\":\"https:\\\/\\\/www.girbaumateu.com\\\/wp-content\\\/uploads\\\/2024\\\/11\\\/cropped-logo3-removebg-preview.png\",\"width\":794,\"height\":250,\"caption\":\"girbaumateu\"},\"image\":{\"@id\":\"https:\\\/\\\/www.girbaumateu.com\\\/es\\\/#\\\/schema\\\/logo\\\/image\\\/\"}}]}<\/script>\n<!-- \/ Yoast SEO Premium plugin. -->","yoast_head_json":{"title":"interiorismo comercial en barcelona: Desde el layout a la apertura","description":"Interiorismo comercial Barcelona: desde el inicio con la generaci\u00f3n de los primeros layout, la apertura hasta la expansi\u00f3n","robots":{"index":"index","follow":"follow","max-snippet":"max-snippet:-1","max-image-preview":"max-image-preview:large","max-video-preview":"max-video-preview:-1"},"canonical":"https:\/\/www.girbaumateu.com\/es\/nosotros\/","og_locale":"es_ES","og_type":"article","og_title":"Nosotros","og_description":"Interiorismo comercial Barcelona: desde el inicio con la generaci\u00f3n de los primeros layout, la apertura hasta la expansi\u00f3n","og_url":"https:\/\/www.girbaumateu.com\/es\/nosotros\/","og_site_name":"girbaumateu","article_modified_time":"2025-03-04T11:35:46+00:00","og_image":[{"width":1600,"height":1200,"url":"https:\/\/www.girbaumateu.com\/wp-content\/uploads\/2024\/11\/67bb62bf-792f-466d-8632-b2e814f47cbf.jpg","type":"image\/jpeg"}],"twitter_card":"summary_large_image","twitter_misc":{"Tiempo de lectura":"5 minutos"},"schema":{"@context":"https:\/\/schema.org","@graph":[{"@type":"WebPage","@id":"https:\/\/www.girbaumateu.com\/es\/nosotros\/","url":"https:\/\/www.girbaumateu.com\/es\/nosotros\/","name":"interiorismo comercial en barcelona: Desde el layout a la apertura","isPartOf":{"@id":"https:\/\/www.girbaumateu.com\/es\/#website"},"primaryImageOfPage":{"@id":"https:\/\/www.girbaumateu.com\/es\/nosotros\/#primaryimage"},"image":{"@id":"https:\/\/www.girbaumateu.com\/es\/nosotros\/#primaryimage"},"thumbnailUrl":"https:\/\/www.girbaumateu.com\/wp-content\/uploads\/2024\/11\/67bb62bf-792f-466d-8632-b2e814f47cbf.jpg","datePublished":"2024-11-13T18:33:27+00:00","dateModified":"2025-03-04T11:35:46+00:00","description":"Interiorismo comercial Barcelona: desde el inicio con la generaci\u00f3n de los primeros layout, la apertura hasta la expansi\u00f3n","breadcrumb":{"@id":"https:\/\/www.girbaumateu.com\/es\/nosotros\/#breadcrumb"},"inLanguage":"es","potentialAction":[{"@type":"ReadAction","target":["https:\/\/www.girbaumateu.com\/es\/nosotros\/"]}]},{"@type":"ImageObject","inLanguage":"es","@id":"https:\/\/www.girbaumateu.com\/es\/nosotros\/#primaryimage","url":"https:\/\/www.girbaumateu.com\/wp-content\/uploads\/2024\/11\/67bb62bf-792f-466d-8632-b2e814f47cbf.jpg","contentUrl":"https:\/\/www.girbaumateu.com\/wp-content\/uploads\/2024\/11\/67bb62bf-792f-466d-8632-b2e814f47cbf.jpg","width":1600,"height":1200},{"@type":"BreadcrumbList","@id":"https:\/\/www.girbaumateu.com\/es\/nosotros\/#breadcrumb","itemListElement":[{"@type":"ListItem","position":1,"name":"Portada","item":"https:\/\/www.girbaumateu.com\/es\/?page_id=1283"},{"@type":"ListItem","position":2,"name":"Nosotros"}]},{"@type":"WebSite","@id":"https:\/\/www.girbaumateu.com\/es\/#website","url":"https:\/\/www.girbaumateu.com\/es\/","name":"girbaumateu","description":"projectes d&#039;edificaci\u00f3 i interiorisme comercial per a empreses","publisher":{"@id":"https:\/\/www.girbaumateu.com\/es\/#organization"},"potentialAction":[{"@type":"SearchAction","target":{"@type":"EntryPoint","urlTemplate":"https:\/\/www.girbaumateu.com\/es\/?s={search_term_string}"},"query-input":{"@type":"PropertyValueSpecification","valueRequired":true,"valueName":"search_term_string"}}],"inLanguage":"es"},{"@type":"Organization","@id":"https:\/\/www.girbaumateu.com\/es\/#organization","name":"girbaumateu","url":"https:\/\/www.girbaumateu.com\/es\/","logo":{"@type":"ImageObject","inLanguage":"es","@id":"https:\/\/www.girbaumateu.com\/es\/#\/schema\/logo\/image\/","url":"https:\/\/www.girbaumateu.com\/wp-content\/uploads\/2024\/11\/cropped-logo3-removebg-preview.png","contentUrl":"https:\/\/www.girbaumateu.com\/wp-content\/uploads\/2024\/11\/cropped-logo3-removebg-preview.png","width":794,"height":250,"caption":"girbaumateu"},"image":{"@id":"https:\/\/www.girbaumateu.com\/es\/#\/schema\/logo\/image\/"}}]}},"featured_image_src":"https:\/\/www.girbaumateu.com\/wp-content\/uploads\/2024\/11\/67bb62bf-792f-466d-8632-b2e814f47cbf-600x400.jpg","featured_image_src_square":"https:\/\/www.girbaumateu.com\/wp-content\/uploads\/2024\/11\/67bb62bf-792f-466d-8632-b2e814f47cbf-600x600.jpg","_links":{"self":[{"href":"https:\/\/www.girbaumateu.com\/es\/wp-json\/wp\/v2\/pages\/1282","targetHints":{"allow":["GET"]}}],"collection":[{"href":"https:\/\/www.girbaumateu.com\/es\/wp-json\/wp\/v2\/pages"}],"about":[{"href":"https:\/\/www.girbaumateu.com\/es\/wp-json\/wp\/v2\/types\/page"}],"author":[{"embeddable":true,"href":"https:\/\/www.girbaumateu.com\/es\/wp-json\/wp\/v2\/users\/1"}],"replies":[{"embeddable":true,"href":"https:\/\/www.girbaumateu.com\/es\/wp-json\/wp\/v2\/comments?post=1282"}],"version-history":[{"count":12,"href":"https:\/\/www.girbaumateu.com\/es\/wp-json\/wp\/v2\/pages\/1282\/revisions"}],"predecessor-version":[{"id":1598,"href":"https:\/\/www.girbaumateu.com\/es\/wp-json\/wp\/v2\/pages\/1282\/revisions\/1598"}],"wp:featuredmedia":[{"embeddable":true,"href":"https:\/\/www.girbaumateu.com\/es\/wp-json\/wp\/v2\/media\/829"}],"wp:attachment":[{"href":"https:\/\/www.girbaumateu.com\/es\/wp-json\/wp\/v2\/media?parent=1282"}],"curies":[{"name":"wp","href":"https:\/\/api.w.org\/{rel}","templated":true}]}}