{"id":1283,"date":"2024-11-13T19:47:13","date_gmt":"2024-11-13T18:47:13","guid":{"rendered":"https:\/\/www.girbaumateu.com\/que-hacemos\/"},"modified":"2025-02-25T13:04:58","modified_gmt":"2025-02-25T12:04:58","slug":"que-hacemos","status":"publish","type":"page","link":"https:\/\/www.girbaumateu.com\/es\/","title":{"rendered":"\u00bfQu\u00e9 hacemos?"},"content":{"rendered":"\n<p><a href=\"https:\/\/www.girbaumateu.com\/edificacio\/\"><span style=\"font-size: 14px;\"><strong>EDIFICACI\u00d3N<\/strong><\/span><\/a><\/p>\n<p>residencial_vivienda<br \/> residencial_hoteler<br \/> oficinas<br \/> comercial_stand alone<br \/> industrial_naves industriales<br \/> administrativo_sedes corporativas<br \/> servicios_centros educativos<br \/> servicios_centros de salud<\/p>\n<p><a href=\"https:\/\/www.girbaumateu.com\/interiorisme-comercial\/\"><span style=\"font-size: 14px;\"><strong>INTERIORISMO COMERCIAL<\/strong><\/span><\/a><\/p>\n<p>interiorismo comercial barcelona<br \/> comercial_ desarrollo franquicias<br \/> restauraci\u00f3n_restaurantes especializados<br \/> restauraci\u00f3n_desarrollo franquicias<br \/> hoteleria_hotels boutique, ecoresorts<br \/> administrativo_oficinas l\u00edquidas<\/p>\n\n<p><\/p>\n\n<p><\/p>\n","protected":false},"excerpt":{"rendered":"<p>EDIFICACI\u00d3N residencial_vivienda residencial_hoteler oficinas comercial_stand alone industrial_naves industriales administrativo_sedes corporativas servicios_centros educativos servicios_centros de salud INTERIORISMO COMERCIAL interiorismo comercial barcelona comercial_ desarrollo franquicias restauraci\u00f3n_restaurantes especializados restauraci\u00f3n_desarrollo franquicias hoteleria_hotels boutique, ecoresorts administrativo_oficinas l\u00edquidas<\/p>\n","protected":false},"author":1,"featured_media":0,"parent":0,"menu_order":0,"comment_status":"closed","ping_status":"closed","template":"","meta":{"_seopress_robots_primary_cat":"","_seopress_titles_title":"interiorismo comercial barcelona","_seopress_titles_desc":"relaci\u00f3n de trabajos que realizamos en el estudio GirbauMateu especializado en interiorismo comercial, retail y edificaci\u00f3n para empresas","_seopress_robots_index":"","footnotes":""},"class_list":["post-1283","page","type-page","status-publish","hentry"],"yoast_head":"<!-- This site is optimized with the Yoast SEO Premium plugin v26.7 (Yoast SEO v27.3) - https:\/\/yoast.com\/product\/yoast-seo-premium-wordpress\/ -->\n<title>Interiorismo comercial Barcelona para franquicias<\/title>\n<meta name=\"description\" content=\"relaci\u00f3n de trabajos que realizamos en el estudio GirbauMateu especializado en interiorismo comercial, retail y edificaci\u00f3n para empresas\" \/>\n<meta name=\"robots\" content=\"index, follow, max-snippet:-1, max-image-preview:large, max-video-preview:-1\" \/>\n<link rel=\"canonical\" href=\"https:\/\/www.girbaumateu.com\/es\/\" \/>\n<meta property=\"og:locale\" content=\"es_ES\" \/>\n<meta property=\"og:type\" content=\"article\" \/>\n<meta property=\"og:title\" content=\"\u00bfQu\u00e9 hacemos?\" \/>\n<meta property=\"og:description\" content=\"relaci\u00f3n de trabajos que realizamos en el estudio GirbauMateu especializado en interiorismo comercial, retail y edificaci\u00f3n para empresas\" \/>\n<meta property=\"og:url\" content=\"https:\/\/www.girbaumateu.com\/es\/\" \/>\n<meta property=\"og:site_name\" content=\"girbaumateu\" \/>\n<meta property=\"article:modified_time\" content=\"2025-02-25T12:04:58+00:00\" \/>\n<meta name=\"twitter:card\" content=\"summary_large_image\" \/>\n<script type=\"application\/ld+json\" class=\"yoast-schema-graph\">{\"@context\":\"https:\\\/\\\/schema.org\",\"@graph\":[{\"@type\":\"WebPage\",\"@id\":\"https:\\\/\\\/www.girbaumateu.com\\\/es\\\/\",\"url\":\"https:\\\/\\\/www.girbaumateu.com\\\/es\\\/\",\"name\":\"Interiorismo comercial Barcelona para franquicias\",\"isPartOf\":{\"@id\":\"https:\\\/\\\/www.girbaumateu.com\\\/es\\\/#website\"},\"datePublished\":\"2024-11-13T18:47:13+00:00\",\"dateModified\":\"2025-02-25T12:04:58+00:00\",\"description\":\"relaci\u00f3n de trabajos que realizamos en el estudio GirbauMateu especializado en interiorismo comercial, retail y edificaci\u00f3n para empresas\",\"breadcrumb\":{\"@id\":\"https:\\\/\\\/www.girbaumateu.com\\\/es\\\/#breadcrumb\"},\"inLanguage\":\"es\",\"potentialAction\":[{\"@type\":\"ReadAction\",\"target\":[\"https:\\\/\\\/www.girbaumateu.com\\\/es\\\/\"]}]},{\"@type\":\"BreadcrumbList\",\"@id\":\"https:\\\/\\\/www.girbaumateu.com\\\/es\\\/#breadcrumb\",\"itemListElement\":[{\"@type\":\"ListItem\",\"position\":1,\"name\":\"Portada\",\"item\":\"https:\\\/\\\/www.girbaumateu.com\\\/es\\\/?page_id=1283\"},{\"@type\":\"ListItem\",\"position\":2,\"name\":\"\u00bfQu\u00e9 hacemos?\"}]},{\"@type\":\"WebSite\",\"@id\":\"https:\\\/\\\/www.girbaumateu.com\\\/es\\\/#website\",\"url\":\"https:\\\/\\\/www.girbaumateu.com\\\/es\\\/\",\"name\":\"girbaumateu\",\"description\":\"projectes d&#039;edificaci\u00f3 i interiorisme comercial per a empreses\",\"publisher\":{\"@id\":\"https:\\\/\\\/www.girbaumateu.com\\\/es\\\/#organization\"},\"potentialAction\":[{\"@type\":\"SearchAction\",\"target\":{\"@type\":\"EntryPoint\",\"urlTemplate\":\"https:\\\/\\\/www.girbaumateu.com\\\/es\\\/?s={search_term_string}\"},\"query-input\":{\"@type\":\"PropertyValueSpecification\",\"valueRequired\":true,\"valueName\":\"search_term_string\"}}],\"inLanguage\":\"es\"},{\"@type\":\"Organization\",\"@id\":\"https:\\\/\\\/www.girbaumateu.com\\\/es\\\/#organization\",\"name\":\"girbaumateu\",\"url\":\"https:\\\/\\\/www.girbaumateu.com\\\/es\\\/\",\"logo\":{\"@type\":\"ImageObject\",\"inLanguage\":\"es\",\"@id\":\"https:\\\/\\\/www.girbaumateu.com\\\/es\\\/#\\\/schema\\\/logo\\\/image\\\/\",\"url\":\"https:\\\/\\\/www.girbaumateu.com\\\/wp-content\\\/uploads\\\/2024\\\/11\\\/cropped-logo3-removebg-preview.png\",\"contentUrl\":\"https:\\\/\\\/www.girbaumateu.com\\\/wp-content\\\/uploads\\\/2024\\\/11\\\/cropped-logo3-removebg-preview.png\",\"width\":794,\"height\":250,\"caption\":\"girbaumateu\"},\"image\":{\"@id\":\"https:\\\/\\\/www.girbaumateu.com\\\/es\\\/#\\\/schema\\\/logo\\\/image\\\/\"}}]}<\/script>\n<!-- \/ Yoast SEO Premium plugin. -->","yoast_head_json":{"title":"Interiorismo comercial Barcelona para franquicias","description":"relaci\u00f3n de trabajos que realizamos en el estudio GirbauMateu especializado en interiorismo comercial, retail y edificaci\u00f3n para empresas","robots":{"index":"index","follow":"follow","max-snippet":"max-snippet:-1","max-image-preview":"max-image-preview:large","max-video-preview":"max-video-preview:-1"},"canonical":"https:\/\/www.girbaumateu.com\/es\/","og_locale":"es_ES","og_type":"article","og_title":"\u00bfQu\u00e9 hacemos?","og_description":"relaci\u00f3n de trabajos que realizamos en el estudio GirbauMateu especializado en interiorismo comercial, retail y edificaci\u00f3n para empresas","og_url":"https:\/\/www.girbaumateu.com\/es\/","og_site_name":"girbaumateu","article_modified_time":"2025-02-25T12:04:58+00:00","twitter_card":"summary_large_image","schema":{"@context":"https:\/\/schema.org","@graph":[{"@type":"WebPage","@id":"https:\/\/www.girbaumateu.com\/es\/","url":"https:\/\/www.girbaumateu.com\/es\/","name":"Interiorismo comercial Barcelona para franquicias","isPartOf":{"@id":"https:\/\/www.girbaumateu.com\/es\/#website"},"datePublished":"2024-11-13T18:47:13+00:00","dateModified":"2025-02-25T12:04:58+00:00","description":"relaci\u00f3n de trabajos que realizamos en el estudio GirbauMateu especializado en interiorismo comercial, retail y edificaci\u00f3n para empresas","breadcrumb":{"@id":"https:\/\/www.girbaumateu.com\/es\/#breadcrumb"},"inLanguage":"es","potentialAction":[{"@type":"ReadAction","target":["https:\/\/www.girbaumateu.com\/es\/"]}]},{"@type":"BreadcrumbList","@id":"https:\/\/www.girbaumateu.com\/es\/#breadcrumb","itemListElement":[{"@type":"ListItem","position":1,"name":"Portada","item":"https:\/\/www.girbaumateu.com\/es\/?page_id=1283"},{"@type":"ListItem","position":2,"name":"\u00bfQu\u00e9 hacemos?"}]},{"@type":"WebSite","@id":"https:\/\/www.girbaumateu.com\/es\/#website","url":"https:\/\/www.girbaumateu.com\/es\/","name":"girbaumateu","description":"projectes d&#039;edificaci\u00f3 i interiorisme comercial per a empreses","publisher":{"@id":"https:\/\/www.girbaumateu.com\/es\/#organization"},"potentialAction":[{"@type":"SearchAction","target":{"@type":"EntryPoint","urlTemplate":"https:\/\/www.girbaumateu.com\/es\/?s={search_term_string}"},"query-input":{"@type":"PropertyValueSpecification","valueRequired":true,"valueName":"search_term_string"}}],"inLanguage":"es"},{"@type":"Organization","@id":"https:\/\/www.girbaumateu.com\/es\/#organization","name":"girbaumateu","url":"https:\/\/www.girbaumateu.com\/es\/","logo":{"@type":"ImageObject","inLanguage":"es","@id":"https:\/\/www.girbaumateu.com\/es\/#\/schema\/logo\/image\/","url":"https:\/\/www.girbaumateu.com\/wp-content\/uploads\/2024\/11\/cropped-logo3-removebg-preview.png","contentUrl":"https:\/\/www.girbaumateu.com\/wp-content\/uploads\/2024\/11\/cropped-logo3-removebg-preview.png","width":794,"height":250,"caption":"girbaumateu"},"image":{"@id":"https:\/\/www.girbaumateu.com\/es\/#\/schema\/logo\/image\/"}}]}},"featured_image_src":null,"featured_image_src_square":null,"_links":{"self":[{"href":"https:\/\/www.girbaumateu.com\/es\/wp-json\/wp\/v2\/pages\/1283","targetHints":{"allow":["GET"]}}],"collection":[{"href":"https:\/\/www.girbaumateu.com\/es\/wp-json\/wp\/v2\/pages"}],"about":[{"href":"https:\/\/www.girbaumateu.com\/es\/wp-json\/wp\/v2\/types\/page"}],"author":[{"embeddable":true,"href":"https:\/\/www.girbaumateu.com\/es\/wp-json\/wp\/v2\/users\/1"}],"replies":[{"embeddable":true,"href":"https:\/\/www.girbaumateu.com\/es\/wp-json\/wp\/v2\/comments?post=1283"}],"version-history":[{"count":2,"href":"https:\/\/www.girbaumateu.com\/es\/wp-json\/wp\/v2\/pages\/1283\/revisions"}],"predecessor-version":[{"id":1287,"href":"https:\/\/www.girbaumateu.com\/es\/wp-json\/wp\/v2\/pages\/1283\/revisions\/1287"}],"wp:attachment":[{"href":"https:\/\/www.girbaumateu.com\/es\/wp-json\/wp\/v2\/media?parent=1283"}],"curies":[{"name":"wp","href":"https:\/\/api.w.org\/{rel}","templated":true}]}}