{"id":1295,"date":"2024-11-14T21:35:20","date_gmt":"2024-11-14T20:35:20","guid":{"rendered":"https:\/\/www.girbaumateu.com\/edificacion\/"},"modified":"2026-04-10T12:35:39","modified_gmt":"2026-04-10T10:35:39","slug":"edificacion","status":"publish","type":"page","link":"https:\/\/www.girbaumateu.com\/es\/edificacion\/","title":{"rendered":"Edificaci\u00f3n"},"content":{"rendered":"\n<p><\/p>\n<p><strong>PROJECTES D&#8217;EDIFICACI\u00d3 PER A INVERSORS,<br \/>PROMOTORS I EMPRESES ESPECIALITZADES<\/strong><\/p>\n<p><strong>PROJECTES D&#8217;EDIFICACI\u00d3 INDUSTRIALITZADA BUILT TO RENT<br \/><\/strong>edificis eficients i sostenibles a Barcelona.<\/p>\n\n<p><strong>Projectes d&#8217;alta efici\u00e8ncia i sostenibilitat<br \/>sota par\u00e0metres LEED<span style=\"font-size: 14px\">*<\/span><\/strong><\/p>\n<p>_ <a href=\"https:\/\/www.girbaumateu.com\/2025\/02\/03\/habitatge-sostenible-i-altament-eficient-energeticament\/\">Disseny i planificaci\u00f3 de projectes<\/a><br \/>_ <a href=\"https:\/\/www.girbaumateu.com\/projectes-cases-sostenibles\/\">Edificaci\u00f3 habitatges<\/a><br \/>_ Edificaci\u00f3 <a href=\"https:\/\/www.girbaumateu.com\/2025\/01\/29\/lestudi-girbaumateu-dissenyant-linteriorisme-i-la-imatge-de-marca-dametller-origen\/\">retail<\/a><br \/>_ <a href=\"https:\/\/www.girbaumateu.com\/projectes-oficines-sostenibles\/\">Edificaci\u00f3 i disseny d&#8217;oficines<\/a><br \/>_ <a href=\"https:\/\/www.girbaumateu.com\/2026\/04\/09\/arquitectura-industrialitzada-barcelona\/\">Edificaci\u00f3 industrialitzada (BIM+LEAN)<\/a><br \/>_ Assessorament i consultoria<br \/>_ Gesti\u00f3 de projectes<br \/>_ Direcci\u00f3 d\u2019obra<br \/>_ Reformes i rehabilitaci\u00f3 d\u2019espais<br \/>_ <a href=\"https:\/\/www.girbaumateu.com\/projectes-cases-sostenibles\/\">Sostenibilitat i efici\u00e8ncia energ\u00e8tica<\/a><\/p>\n<p><span style=\"font-size: 12px\">*LEED (Leadership in Energy and Environmental Design)<\/span><\/p>\n\n<p>Proyectos de edificaci\u00f3n eficientes y funcionales desde el inicio hasta llaves en mano.<\/p>\n\n<p>En <strong>girbaumateu<\/strong> desarrollamos proyectos de edificaci\u00f3n integrales, desde los estudios previos hasta su ejecuci\u00f3n y entrega llaves en mano. Nos especializamos en la creaci\u00f3n de espacios funcionales, eficientes y sostenibles, cubriendo un amplio espectro de tipolog\u00edas:<br \/> \u2022 <strong><a href=\"https:\/\/www.girbaumateu.com\/es\/tag\/proyectos-de-viviendas-sostenibles-es\/\">Viviendas unifamiliares y plurifamiliares<\/a><\/strong> , Dise\u00f1adas para optimizar la comodidad y la eficiencia energ\u00e9tica, promoviendo edificios sostenibles en Barcelona.<br \/> \u2022 <strong><a href=\"https:\/\/www.girbaumateu.com\/2025\/02\/03\/arquitectura-sostenible-projecte-de-construccio-autonoma-a-blanes\/\">Edificaci\u00f3n de retail en formato stand alone<\/a><\/strong> , adaptadas a las necesidades operativas y comerciales de cada marca.<br \/> \u2022 <strong><a href=\"https:\/\/www.girbaumateu.com\/es\/proyectos-de-oficinas-sostenibles-con-materiales-naturales-y-certificacion-leed\/\">Edificaci\u00f3n e interiorismo de oficinas<\/a><\/strong> . Espacios concebidos para mejorar la productividad y bienestar de los usuarios.  <\/p>\n\n<p>En todos nuestros proyectos, priorizamos la optimizaci\u00f3n energ\u00e9tica y la eficiencia funcional, implementando soluciones inteligentes para una gesti\u00f3n energ\u00e9tica responsable. Con m\u00e1s de 20 a\u00f1os de experiencia, hemos colaborado tanto con el sector privado-en la construcci\u00f3n de oficinas y viviendas-como con instituciones p\u00fablicas como <strong>el <a href=\"https:\/\/www.ajmalgrat.cat\/\">Ayuntamiento de Malgrat de Mar<\/a> , el <a href=\"https:\/\/calafell.cat\/\">Ayuntamiento de Calafell<\/a> , la Diputaci\u00f3n de Barcelona y BIMSA<\/strong> . Esto nos ha permitido consolidar un portfolio diversificado y promover edificios sostenibles principalmente en Barcelona.  <\/p>\n\n<p>Por eso, si buscas un equipo especializado en arquitectura y eficiencia energ\u00e9tica, en girbaumateu transformamos tus ideas en realidades constructivas. <a href=\"https:\/\/www.girbaumateu.com\/es\/contacto\/\">Cont\u00e1ctanos<\/a> para obtener m\u00e1s informaci\u00f3n sobre edificios eficientes y sostenibles en Barcelona.<\/p>\n","protected":false},"excerpt":{"rendered":"<p>PROJECTES D&#8217;EDIFICACI\u00d3 PER A INVERSORS,PROMOTORS I EMPRESES ESPECIALITZADES PROJECTES D&#8217;EDIFICACI\u00d3 INDUSTRIALITZADA BUILT TO RENTedificis eficients i sostenibles a Barcelona. Projectes d&#8217;alta efici\u00e8ncia i sostenibilitatsota par\u00e0metres LEED* _ Disseny i planificaci\u00f3 de projectes_ Edificaci\u00f3 habitatges_ Edificaci\u00f3 retail_ Edificaci\u00f3 i disseny d&#8217;oficines_ Edificaci\u00f3 industrialitzada (BIM+LEAN)_ Assessorament i consultoria_ Gesti\u00f3 de projectes_ Direcci\u00f3 d\u2019obra_ Reformes i rehabilitaci\u00f3 d\u2019espais_ &hellip; <\/p>\n<p class=\"link-more\"><a href=\"https:\/\/www.girbaumateu.com\/es\/edificacion\/\" class=\"more-link\">Continuar leyendo<span class=\"screen-reader-text\"> \"Edificaci\u00f3n\"<\/span><\/a><\/p>\n","protected":false},"author":1,"featured_media":0,"parent":0,"menu_order":0,"comment_status":"closed","ping_status":"closed","template":"","meta":{"_seopress_robots_primary_cat":"","_seopress_titles_title":"","_seopress_titles_desc":"Edificios eficientes y sostenibles Barcelona que cumplen con los est\u00e1ndares de LEED y mejoran la eficiencia energ\u00e9tica.","_seopress_robots_index":"","_seopress_analysis_target_kw":"","footnotes":""},"class_list":["post-1295","page","type-page","status-publish","hentry"],"yoast_head":"<!-- This site is optimized with the Yoast SEO Premium plugin v26.7 (Yoast SEO v27.5) - https:\/\/yoast.com\/product\/yoast-seo-premium-wordpress\/ -->\n<title>Edificios eficientes y sostenibles Barcelona: Gu\u00eda<\/title>\n<meta name=\"description\" content=\"Edificios eficientes y sostenibles Barcelona que cumplen con los est\u00e1ndares de LEED y mejoran la eficiencia energ\u00e9tica.\" \/>\n<meta name=\"robots\" content=\"index, follow, max-snippet:-1, max-image-preview:large, max-video-preview:-1\" \/>\n<link rel=\"canonical\" href=\"https:\/\/www.girbaumateu.com\/es\/edificacion\/\" \/>\n<meta property=\"og:locale\" content=\"es_ES\" \/>\n<meta property=\"og:type\" content=\"article\" \/>\n<meta property=\"og:title\" content=\"Edificaci\u00f3n\" \/>\n<meta property=\"og:description\" content=\"Edificios eficientes y sostenibles Barcelona que cumplen con los est\u00e1ndares de LEED y mejoran la eficiencia energ\u00e9tica.\" \/>\n<meta property=\"og:url\" content=\"https:\/\/www.girbaumateu.com\/es\/edificacion\/\" \/>\n<meta property=\"og:site_name\" content=\"girbaumateu\" \/>\n<meta property=\"article:modified_time\" content=\"2026-04-10T10:35:39+00:00\" \/>\n<meta name=\"twitter:card\" content=\"summary_large_image\" \/>\n<meta name=\"twitter:label1\" content=\"Tiempo de lectura\" \/>\n\t<meta name=\"twitter:data1\" content=\"2 minutos\" \/>\n<script type=\"application\/ld+json\" class=\"yoast-schema-graph\">{\"@context\":\"https:\\\/\\\/schema.org\",\"@graph\":[{\"@type\":\"WebPage\",\"@id\":\"https:\\\/\\\/www.girbaumateu.com\\\/es\\\/edificacion\\\/\",\"url\":\"https:\\\/\\\/www.girbaumateu.com\\\/es\\\/edificacion\\\/\",\"name\":\"Edificios eficientes y sostenibles Barcelona: Gu\u00eda\",\"isPartOf\":{\"@id\":\"https:\\\/\\\/www.girbaumateu.com\\\/es\\\/#website\"},\"datePublished\":\"2024-11-14T20:35:20+00:00\",\"dateModified\":\"2026-04-10T10:35:39+00:00\",\"description\":\"Edificios eficientes y sostenibles Barcelona que cumplen con los est\u00e1ndares de LEED y mejoran la eficiencia energ\u00e9tica.\",\"breadcrumb\":{\"@id\":\"https:\\\/\\\/www.girbaumateu.com\\\/es\\\/edificacion\\\/#breadcrumb\"},\"inLanguage\":\"es\",\"potentialAction\":[{\"@type\":\"ReadAction\",\"target\":[\"https:\\\/\\\/www.girbaumateu.com\\\/es\\\/edificacion\\\/\"]}]},{\"@type\":\"BreadcrumbList\",\"@id\":\"https:\\\/\\\/www.girbaumateu.com\\\/es\\\/edificacion\\\/#breadcrumb\",\"itemListElement\":[{\"@type\":\"ListItem\",\"position\":1,\"name\":\"Portada\",\"item\":\"https:\\\/\\\/www.girbaumateu.com\\\/es\\\/?page_id=1283\"},{\"@type\":\"ListItem\",\"position\":2,\"name\":\"Edificaci\u00f3n\"}]},{\"@type\":\"WebSite\",\"@id\":\"https:\\\/\\\/www.girbaumateu.com\\\/es\\\/#website\",\"url\":\"https:\\\/\\\/www.girbaumateu.com\\\/es\\\/\",\"name\":\"girbaumateu\",\"description\":\"projectes d&#039;edificaci\u00f3 i interiorisme comercial per a empreses\",\"publisher\":{\"@id\":\"https:\\\/\\\/www.girbaumateu.com\\\/es\\\/#organization\"},\"potentialAction\":[{\"@type\":\"SearchAction\",\"target\":{\"@type\":\"EntryPoint\",\"urlTemplate\":\"https:\\\/\\\/www.girbaumateu.com\\\/es\\\/?s={search_term_string}\"},\"query-input\":{\"@type\":\"PropertyValueSpecification\",\"valueRequired\":true,\"valueName\":\"search_term_string\"}}],\"inLanguage\":\"es\"},{\"@type\":\"Organization\",\"@id\":\"https:\\\/\\\/www.girbaumateu.com\\\/es\\\/#organization\",\"name\":\"girbaumateu\",\"url\":\"https:\\\/\\\/www.girbaumateu.com\\\/es\\\/\",\"logo\":{\"@type\":\"ImageObject\",\"inLanguage\":\"es\",\"@id\":\"https:\\\/\\\/www.girbaumateu.com\\\/es\\\/#\\\/schema\\\/logo\\\/image\\\/\",\"url\":\"https:\\\/\\\/www.girbaumateu.com\\\/wp-content\\\/uploads\\\/2024\\\/11\\\/cropped-logo3-removebg-preview.png\",\"contentUrl\":\"https:\\\/\\\/www.girbaumateu.com\\\/wp-content\\\/uploads\\\/2024\\\/11\\\/cropped-logo3-removebg-preview.png\",\"width\":794,\"height\":250,\"caption\":\"girbaumateu\"},\"image\":{\"@id\":\"https:\\\/\\\/www.girbaumateu.com\\\/es\\\/#\\\/schema\\\/logo\\\/image\\\/\"}}]}<\/script>\n<!-- \/ Yoast SEO Premium plugin. -->","yoast_head_json":{"title":"Edificios eficientes y sostenibles Barcelona: Gu\u00eda","description":"Edificios eficientes y sostenibles Barcelona que cumplen con los est\u00e1ndares de LEED y mejoran la eficiencia energ\u00e9tica.","robots":{"index":"index","follow":"follow","max-snippet":"max-snippet:-1","max-image-preview":"max-image-preview:large","max-video-preview":"max-video-preview:-1"},"canonical":"https:\/\/www.girbaumateu.com\/es\/edificacion\/","og_locale":"es_ES","og_type":"article","og_title":"Edificaci\u00f3n","og_description":"Edificios eficientes y sostenibles Barcelona que cumplen con los est\u00e1ndares de LEED y mejoran la eficiencia energ\u00e9tica.","og_url":"https:\/\/www.girbaumateu.com\/es\/edificacion\/","og_site_name":"girbaumateu","article_modified_time":"2026-04-10T10:35:39+00:00","twitter_card":"summary_large_image","twitter_misc":{"Tiempo de lectura":"2 minutos"},"schema":{"@context":"https:\/\/schema.org","@graph":[{"@type":"WebPage","@id":"https:\/\/www.girbaumateu.com\/es\/edificacion\/","url":"https:\/\/www.girbaumateu.com\/es\/edificacion\/","name":"Edificios eficientes y sostenibles Barcelona: Gu\u00eda","isPartOf":{"@id":"https:\/\/www.girbaumateu.com\/es\/#website"},"datePublished":"2024-11-14T20:35:20+00:00","dateModified":"2026-04-10T10:35:39+00:00","description":"Edificios eficientes y sostenibles Barcelona que cumplen con los est\u00e1ndares de LEED y mejoran la eficiencia energ\u00e9tica.","breadcrumb":{"@id":"https:\/\/www.girbaumateu.com\/es\/edificacion\/#breadcrumb"},"inLanguage":"es","potentialAction":[{"@type":"ReadAction","target":["https:\/\/www.girbaumateu.com\/es\/edificacion\/"]}]},{"@type":"BreadcrumbList","@id":"https:\/\/www.girbaumateu.com\/es\/edificacion\/#breadcrumb","itemListElement":[{"@type":"ListItem","position":1,"name":"Portada","item":"https:\/\/www.girbaumateu.com\/es\/?page_id=1283"},{"@type":"ListItem","position":2,"name":"Edificaci\u00f3n"}]},{"@type":"WebSite","@id":"https:\/\/www.girbaumateu.com\/es\/#website","url":"https:\/\/www.girbaumateu.com\/es\/","name":"girbaumateu","description":"projectes d&#039;edificaci\u00f3 i interiorisme comercial per a empreses","publisher":{"@id":"https:\/\/www.girbaumateu.com\/es\/#organization"},"potentialAction":[{"@type":"SearchAction","target":{"@type":"EntryPoint","urlTemplate":"https:\/\/www.girbaumateu.com\/es\/?s={search_term_string}"},"query-input":{"@type":"PropertyValueSpecification","valueRequired":true,"valueName":"search_term_string"}}],"inLanguage":"es"},{"@type":"Organization","@id":"https:\/\/www.girbaumateu.com\/es\/#organization","name":"girbaumateu","url":"https:\/\/www.girbaumateu.com\/es\/","logo":{"@type":"ImageObject","inLanguage":"es","@id":"https:\/\/www.girbaumateu.com\/es\/#\/schema\/logo\/image\/","url":"https:\/\/www.girbaumateu.com\/wp-content\/uploads\/2024\/11\/cropped-logo3-removebg-preview.png","contentUrl":"https:\/\/www.girbaumateu.com\/wp-content\/uploads\/2024\/11\/cropped-logo3-removebg-preview.png","width":794,"height":250,"caption":"girbaumateu"},"image":{"@id":"https:\/\/www.girbaumateu.com\/es\/#\/schema\/logo\/image\/"}}]}},"featured_image_src":null,"featured_image_src_square":null,"_links":{"self":[{"href":"https:\/\/www.girbaumateu.com\/es\/wp-json\/wp\/v2\/pages\/1295","targetHints":{"allow":["GET"]}}],"collection":[{"href":"https:\/\/www.girbaumateu.com\/es\/wp-json\/wp\/v2\/pages"}],"about":[{"href":"https:\/\/www.girbaumateu.com\/es\/wp-json\/wp\/v2\/types\/page"}],"author":[{"embeddable":true,"href":"https:\/\/www.girbaumateu.com\/es\/wp-json\/wp\/v2\/users\/1"}],"replies":[{"embeddable":true,"href":"https:\/\/www.girbaumateu.com\/es\/wp-json\/wp\/v2\/comments?post=1295"}],"version-history":[{"count":3,"href":"https:\/\/www.girbaumateu.com\/es\/wp-json\/wp\/v2\/pages\/1295\/revisions"}],"predecessor-version":[{"id":1974,"href":"https:\/\/www.girbaumateu.com\/es\/wp-json\/wp\/v2\/pages\/1295\/revisions\/1974"}],"wp:attachment":[{"href":"https:\/\/www.girbaumateu.com\/es\/wp-json\/wp\/v2\/media?parent=1295"}],"curies":[{"name":"wp","href":"https:\/\/api.w.org\/{rel}","templated":true}]}}