{"id":1307,"date":"2024-11-13T19:47:14","date_gmt":"2024-11-13T18:47:14","guid":{"rendered":"https:\/\/www.girbaumateu.com\/contacto\/"},"modified":"2025-02-25T13:05:14","modified_gmt":"2025-02-25T12:05:14","slug":"contacto","status":"publish","type":"page","link":"https:\/\/www.girbaumateu.com\/es\/contacto\/","title":{"rendered":"Contacto"},"content":{"rendered":"","protected":false},"excerpt":{"rendered":"","protected":false},"author":1,"featured_media":832,"parent":0,"menu_order":0,"comment_status":"closed","ping_status":"closed","template":"","meta":{"_seopress_robots_primary_cat":"","_seopress_titles_title":"","_seopress_titles_desc":"","_seopress_robots_index":"","footnotes":""},"class_list":["post-1307","page","type-page","status-publish","has-post-thumbnail","hentry"],"yoast_head":"<!-- This site is optimized with the Yoast SEO Premium plugin v26.7 (Yoast SEO v27.3) - https:\/\/yoast.com\/product\/yoast-seo-premium-wordpress\/ -->\n<title>Contacto - girbaumateu<\/title>\n<meta name=\"description\" content=\"Descubre c\u00f3mo contactar en girbaumateu. Encuentra la informaci\u00f3n de contacto y comun\u00edcate con nosotros para obtener m\u00e1s detalles.\" \/>\n<meta name=\"robots\" content=\"index, follow, max-snippet:-1, max-image-preview:large, max-video-preview:-1\" \/>\n<link rel=\"canonical\" href=\"https:\/\/www.girbaumateu.com\/es\/contacto\/\" \/>\n<meta property=\"og:locale\" content=\"es_ES\" \/>\n<meta property=\"og:type\" content=\"article\" \/>\n<meta property=\"og:title\" content=\"Contacto\" \/>\n<meta property=\"og:description\" content=\"Descubre c\u00f3mo contactar en girbaumateu. Encuentra la informaci\u00f3n de contacto y comun\u00edcate con nosotros para obtener m\u00e1s detalles.\" \/>\n<meta property=\"og:url\" content=\"https:\/\/www.girbaumateu.com\/es\/contacto\/\" \/>\n<meta property=\"og:site_name\" content=\"girbaumateu\" \/>\n<meta property=\"article:modified_time\" content=\"2025-02-25T12:05:14+00:00\" \/>\n<meta property=\"og:image\" content=\"https:\/\/www.girbaumateu.com\/wp-content\/uploads\/2024\/11\/IMG_2390-scaled.jpg\" \/>\n\t<meta property=\"og:image:width\" content=\"2560\" \/>\n\t<meta property=\"og:image:height\" content=\"1920\" \/>\n\t<meta property=\"og:image:type\" content=\"image\/jpeg\" \/>\n<meta name=\"twitter:card\" content=\"summary_large_image\" \/>\n<script type=\"application\/ld+json\" class=\"yoast-schema-graph\">{\"@context\":\"https:\\\/\\\/schema.org\",\"@graph\":[{\"@type\":\"WebPage\",\"@id\":\"https:\\\/\\\/www.girbaumateu.com\\\/es\\\/contacto\\\/\",\"url\":\"https:\\\/\\\/www.girbaumateu.com\\\/es\\\/contacto\\\/\",\"name\":\"Contacto - girbaumateu\",\"isPartOf\":{\"@id\":\"https:\\\/\\\/www.girbaumateu.com\\\/es\\\/#website\"},\"primaryImageOfPage\":{\"@id\":\"https:\\\/\\\/www.girbaumateu.com\\\/es\\\/contacto\\\/#primaryimage\"},\"image\":{\"@id\":\"https:\\\/\\\/www.girbaumateu.com\\\/es\\\/contacto\\\/#primaryimage\"},\"thumbnailUrl\":\"https:\\\/\\\/www.girbaumateu.com\\\/wp-content\\\/uploads\\\/2024\\\/11\\\/IMG_2390-scaled.jpg\",\"datePublished\":\"2024-11-13T18:47:14+00:00\",\"dateModified\":\"2025-02-25T12:05:14+00:00\",\"description\":\"Descubre c\u00f3mo contactar en girbaumateu. Encuentra la informaci\u00f3n de contacto y comun\u00edcate con nosotros para obtener m\u00e1s detalles.\",\"breadcrumb\":{\"@id\":\"https:\\\/\\\/www.girbaumateu.com\\\/es\\\/contacto\\\/#breadcrumb\"},\"inLanguage\":\"es\",\"potentialAction\":[{\"@type\":\"ReadAction\",\"target\":[\"https:\\\/\\\/www.girbaumateu.com\\\/es\\\/contacto\\\/\"]}]},{\"@type\":\"ImageObject\",\"inLanguage\":\"es\",\"@id\":\"https:\\\/\\\/www.girbaumateu.com\\\/es\\\/contacto\\\/#primaryimage\",\"url\":\"https:\\\/\\\/www.girbaumateu.com\\\/wp-content\\\/uploads\\\/2024\\\/11\\\/IMG_2390-scaled.jpg\",\"contentUrl\":\"https:\\\/\\\/www.girbaumateu.com\\\/wp-content\\\/uploads\\\/2024\\\/11\\\/IMG_2390-scaled.jpg\",\"width\":2560,\"height\":1920},{\"@type\":\"BreadcrumbList\",\"@id\":\"https:\\\/\\\/www.girbaumateu.com\\\/es\\\/contacto\\\/#breadcrumb\",\"itemListElement\":[{\"@type\":\"ListItem\",\"position\":1,\"name\":\"Portada\",\"item\":\"https:\\\/\\\/www.girbaumateu.com\\\/es\\\/?page_id=1283\"},{\"@type\":\"ListItem\",\"position\":2,\"name\":\"Contacto\"}]},{\"@type\":\"WebSite\",\"@id\":\"https:\\\/\\\/www.girbaumateu.com\\\/es\\\/#website\",\"url\":\"https:\\\/\\\/www.girbaumateu.com\\\/es\\\/\",\"name\":\"girbaumateu\",\"description\":\"projectes d&#039;edificaci\u00f3 i interiorisme comercial per a empreses\",\"publisher\":{\"@id\":\"https:\\\/\\\/www.girbaumateu.com\\\/es\\\/#organization\"},\"potentialAction\":[{\"@type\":\"SearchAction\",\"target\":{\"@type\":\"EntryPoint\",\"urlTemplate\":\"https:\\\/\\\/www.girbaumateu.com\\\/es\\\/?s={search_term_string}\"},\"query-input\":{\"@type\":\"PropertyValueSpecification\",\"valueRequired\":true,\"valueName\":\"search_term_string\"}}],\"inLanguage\":\"es\"},{\"@type\":\"Organization\",\"@id\":\"https:\\\/\\\/www.girbaumateu.com\\\/es\\\/#organization\",\"name\":\"girbaumateu\",\"url\":\"https:\\\/\\\/www.girbaumateu.com\\\/es\\\/\",\"logo\":{\"@type\":\"ImageObject\",\"inLanguage\":\"es\",\"@id\":\"https:\\\/\\\/www.girbaumateu.com\\\/es\\\/#\\\/schema\\\/logo\\\/image\\\/\",\"url\":\"https:\\\/\\\/www.girbaumateu.com\\\/wp-content\\\/uploads\\\/2024\\\/11\\\/cropped-logo3-removebg-preview.png\",\"contentUrl\":\"https:\\\/\\\/www.girbaumateu.com\\\/wp-content\\\/uploads\\\/2024\\\/11\\\/cropped-logo3-removebg-preview.png\",\"width\":794,\"height\":250,\"caption\":\"girbaumateu\"},\"image\":{\"@id\":\"https:\\\/\\\/www.girbaumateu.com\\\/es\\\/#\\\/schema\\\/logo\\\/image\\\/\"}}]}<\/script>\n<!-- \/ Yoast SEO Premium plugin. -->","yoast_head_json":{"title":"Contacto - girbaumateu","description":"Descubre c\u00f3mo contactar en girbaumateu. Encuentra la informaci\u00f3n de contacto y comun\u00edcate con nosotros para obtener m\u00e1s detalles.","robots":{"index":"index","follow":"follow","max-snippet":"max-snippet:-1","max-image-preview":"max-image-preview:large","max-video-preview":"max-video-preview:-1"},"canonical":"https:\/\/www.girbaumateu.com\/es\/contacto\/","og_locale":"es_ES","og_type":"article","og_title":"Contacto","og_description":"Descubre c\u00f3mo contactar en girbaumateu. Encuentra la informaci\u00f3n de contacto y comun\u00edcate con nosotros para obtener m\u00e1s detalles.","og_url":"https:\/\/www.girbaumateu.com\/es\/contacto\/","og_site_name":"girbaumateu","article_modified_time":"2025-02-25T12:05:14+00:00","og_image":[{"width":2560,"height":1920,"url":"https:\/\/www.girbaumateu.com\/wp-content\/uploads\/2024\/11\/IMG_2390-scaled.jpg","type":"image\/jpeg"}],"twitter_card":"summary_large_image","schema":{"@context":"https:\/\/schema.org","@graph":[{"@type":"WebPage","@id":"https:\/\/www.girbaumateu.com\/es\/contacto\/","url":"https:\/\/www.girbaumateu.com\/es\/contacto\/","name":"Contacto - girbaumateu","isPartOf":{"@id":"https:\/\/www.girbaumateu.com\/es\/#website"},"primaryImageOfPage":{"@id":"https:\/\/www.girbaumateu.com\/es\/contacto\/#primaryimage"},"image":{"@id":"https:\/\/www.girbaumateu.com\/es\/contacto\/#primaryimage"},"thumbnailUrl":"https:\/\/www.girbaumateu.com\/wp-content\/uploads\/2024\/11\/IMG_2390-scaled.jpg","datePublished":"2024-11-13T18:47:14+00:00","dateModified":"2025-02-25T12:05:14+00:00","description":"Descubre c\u00f3mo contactar en girbaumateu. Encuentra la informaci\u00f3n de contacto y comun\u00edcate con nosotros para obtener m\u00e1s detalles.","breadcrumb":{"@id":"https:\/\/www.girbaumateu.com\/es\/contacto\/#breadcrumb"},"inLanguage":"es","potentialAction":[{"@type":"ReadAction","target":["https:\/\/www.girbaumateu.com\/es\/contacto\/"]}]},{"@type":"ImageObject","inLanguage":"es","@id":"https:\/\/www.girbaumateu.com\/es\/contacto\/#primaryimage","url":"https:\/\/www.girbaumateu.com\/wp-content\/uploads\/2024\/11\/IMG_2390-scaled.jpg","contentUrl":"https:\/\/www.girbaumateu.com\/wp-content\/uploads\/2024\/11\/IMG_2390-scaled.jpg","width":2560,"height":1920},{"@type":"BreadcrumbList","@id":"https:\/\/www.girbaumateu.com\/es\/contacto\/#breadcrumb","itemListElement":[{"@type":"ListItem","position":1,"name":"Portada","item":"https:\/\/www.girbaumateu.com\/es\/?page_id=1283"},{"@type":"ListItem","position":2,"name":"Contacto"}]},{"@type":"WebSite","@id":"https:\/\/www.girbaumateu.com\/es\/#website","url":"https:\/\/www.girbaumateu.com\/es\/","name":"girbaumateu","description":"projectes d&#039;edificaci\u00f3 i interiorisme comercial per a empreses","publisher":{"@id":"https:\/\/www.girbaumateu.com\/es\/#organization"},"potentialAction":[{"@type":"SearchAction","target":{"@type":"EntryPoint","urlTemplate":"https:\/\/www.girbaumateu.com\/es\/?s={search_term_string}"},"query-input":{"@type":"PropertyValueSpecification","valueRequired":true,"valueName":"search_term_string"}}],"inLanguage":"es"},{"@type":"Organization","@id":"https:\/\/www.girbaumateu.com\/es\/#organization","name":"girbaumateu","url":"https:\/\/www.girbaumateu.com\/es\/","logo":{"@type":"ImageObject","inLanguage":"es","@id":"https:\/\/www.girbaumateu.com\/es\/#\/schema\/logo\/image\/","url":"https:\/\/www.girbaumateu.com\/wp-content\/uploads\/2024\/11\/cropped-logo3-removebg-preview.png","contentUrl":"https:\/\/www.girbaumateu.com\/wp-content\/uploads\/2024\/11\/cropped-logo3-removebg-preview.png","width":794,"height":250,"caption":"girbaumateu"},"image":{"@id":"https:\/\/www.girbaumateu.com\/es\/#\/schema\/logo\/image\/"}}]}},"featured_image_src":"https:\/\/www.girbaumateu.com\/wp-content\/uploads\/2024\/11\/IMG_2390-600x400.jpg","featured_image_src_square":"https:\/\/www.girbaumateu.com\/wp-content\/uploads\/2024\/11\/IMG_2390-600x600.jpg","_links":{"self":[{"href":"https:\/\/www.girbaumateu.com\/es\/wp-json\/wp\/v2\/pages\/1307","targetHints":{"allow":["GET"]}}],"collection":[{"href":"https:\/\/www.girbaumateu.com\/es\/wp-json\/wp\/v2\/pages"}],"about":[{"href":"https:\/\/www.girbaumateu.com\/es\/wp-json\/wp\/v2\/types\/page"}],"author":[{"embeddable":true,"href":"https:\/\/www.girbaumateu.com\/es\/wp-json\/wp\/v2\/users\/1"}],"replies":[{"embeddable":true,"href":"https:\/\/www.girbaumateu.com\/es\/wp-json\/wp\/v2\/comments?post=1307"}],"version-history":[{"count":1,"href":"https:\/\/www.girbaumateu.com\/es\/wp-json\/wp\/v2\/pages\/1307\/revisions"}],"predecessor-version":[{"id":1309,"href":"https:\/\/www.girbaumateu.com\/es\/wp-json\/wp\/v2\/pages\/1307\/revisions\/1309"}],"wp:featuredmedia":[{"embeddable":true,"href":"https:\/\/www.girbaumateu.com\/es\/wp-json\/wp\/v2\/media\/832"}],"wp:attachment":[{"href":"https:\/\/www.girbaumateu.com\/es\/wp-json\/wp\/v2\/media?parent=1307"}],"curies":[{"name":"wp","href":"https:\/\/api.w.org\/{rel}","templated":true}]}}